{"id":4688,"date":"2021-02-21T21:02:09","date_gmt":"2021-02-21T21:02:09","guid":{"rendered":"https:\/\/www.pierrecossa.com\/?page_id=4688"},"modified":"2026-02-23T12:14:49","modified_gmt":"2026-02-23T12:14:49","slug":"biographie","status":"publish","type":"page","link":"https:\/\/www.pierrecossa.com\/en\/biographie\/","title":{"rendered":"ABOUT ME"},"content":{"rendered":"<div data-elementor-type=\"wp-page\" data-elementor-id=\"4688\" class=\"elementor elementor-4688\">\n\t\t\t\t\t\t<div class=\"elementor-inner\">\n\t\t\t\t<div class=\"elementor-section-wrap\">\n\t\t\t\t\t\t\t\t\t<section class=\"elementor-section elementor-top-section elementor-element elementor-element-4c847a38 elementor-section-boxed elementor-section-height-default elementor-section-height-default\" data-id=\"4c847a38\" data-element_type=\"section\" data-settings=\"{&quot;background_background&quot;:&quot;classic&quot;}\">\n\t\t\t\t\t\t\t<div class=\"elementor-background-overlay\"><\/div>\n\t\t\t\t\t\t\t<div class=\"elementor-container elementor-column-gap-default\">\n\t\t\t\t\t\t\t<div class=\"elementor-row\">\n\t\t\t\t\t<div class=\"elementor-column elementor-col-100 elementor-top-column elementor-element elementor-element-4bcf8810\" data-id=\"4bcf8810\" data-element_type=\"column\">\n\t\t\t<div class=\"elementor-column-wrap elementor-element-populated\">\n\t\t\t\t\t\t\t<div class=\"elementor-widget-wrap\">\n\t\t\t\t\t\t<div class=\"elementor-element elementor-element-591d7367 elementor-widget elementor-widget-heading\" data-id=\"591d7367\" data-element_type=\"widget\" data-widget_type=\"heading.default\">\n\t\t\t\t<div class=\"elementor-widget-container\">\n\t\t\t<h2 class=\"elementor-heading-title elementor-size-default\">ABOUT ME<\/h2>\t\t<\/div>\n\t\t\t\t<\/div>\n\t\t\t\t\t\t<\/div>\n\t\t\t\t\t<\/div>\n\t\t<\/div>\n\t\t\t\t\t\t\t\t<\/div>\n\t\t\t\t\t<\/div>\n\t\t<\/section>\n\t\t\t\t<section class=\"elementor-section elementor-top-section elementor-element elementor-element-32d7d12 elementor-section-boxed elementor-section-height-default elementor-section-height-default\" data-id=\"32d7d12\" data-element_type=\"section\" data-settings=\"{&quot;background_background&quot;:&quot;classic&quot;}\">\n\t\t\t\t\t\t<div class=\"elementor-container elementor-column-gap-default\">\n\t\t\t\t\t\t\t<div class=\"elementor-row\">\n\t\t\t\t\t<div class=\"elementor-column elementor-col-100 elementor-top-column elementor-element elementor-element-1da36ab\" data-id=\"1da36ab\" data-element_type=\"column\">\n\t\t\t<div class=\"elementor-column-wrap elementor-element-populated\">\n\t\t\t\t\t\t\t<div class=\"elementor-widget-wrap\">\n\t\t\t\t\t\t<section class=\"elementor-section elementor-inner-section elementor-element elementor-element-1e4eafa elementor-section-boxed elementor-section-height-default elementor-section-height-default\" data-id=\"1e4eafa\" data-element_type=\"section\">\n\t\t\t\t\t\t<div class=\"elementor-container elementor-column-gap-default\">\n\t\t\t\t\t\t\t<div class=\"elementor-row\">\n\t\t\t\t\t<div class=\"elementor-column elementor-col-50 elementor-inner-column elementor-element elementor-element-c6c9735\" data-id=\"c6c9735\" data-element_type=\"column\">\n\t\t\t<div class=\"elementor-column-wrap elementor-element-populated\">\n\t\t\t\t\t\t\t<div class=\"elementor-widget-wrap\">\n\t\t\t\t\t\t<div class=\"elementor-element elementor-element-3e98d4a elementor-widget elementor-widget-heading\" data-id=\"3e98d4a\" data-element_type=\"widget\" data-widget_type=\"heading.default\">\n\t\t\t\t<div class=\"elementor-widget-container\">\n\t\t\t<h3 class=\"elementor-heading-title elementor-size-default\">I AM \"PIERRE COSSA\" THE APOSTLE\n<br>OF JOY<\/h3>\t\t<\/div>\n\t\t\t\t<\/div>\n\t\t\t\t<div class=\"elementor-element elementor-element-04cff7f elementor-widget-divider--view-line elementor-widget elementor-widget-divider\" data-id=\"04cff7f\" data-element_type=\"widget\" data-widget_type=\"divider.default\">\n\t\t\t\t<div class=\"elementor-widget-container\">\n\t\t\t\t\t<div class=\"elementor-divider\">\n\t\t\t<span class=\"elementor-divider-separator\">\n\t\t\t\t\t\t<\/span>\n\t\t<\/div>\n\t\t\t\t<\/div>\n\t\t\t\t<\/div>\n\t\t\t\t\t\t<\/div>\n\t\t\t\t\t<\/div>\n\t\t<\/div>\n\t\t\t\t<div class=\"elementor-column elementor-col-50 elementor-inner-column elementor-element elementor-element-ba9b70c\" data-id=\"ba9b70c\" data-element_type=\"column\">\n\t\t\t<div class=\"elementor-column-wrap\">\n\t\t\t\t\t\t\t<div class=\"elementor-widget-wrap\">\n\t\t\t\t\t\t\t\t<\/div>\n\t\t\t\t\t<\/div>\n\t\t<\/div>\n\t\t\t\t\t\t\t\t<\/div>\n\t\t\t\t\t<\/div>\n\t\t<\/section>\n\t\t\t\t<section class=\"elementor-section elementor-inner-section elementor-element elementor-element-94488f7 elementor-section-boxed elementor-section-height-default elementor-section-height-default\" data-id=\"94488f7\" data-element_type=\"section\">\n\t\t\t\t\t\t<div class=\"elementor-container elementor-column-gap-default\">\n\t\t\t\t\t\t\t<div class=\"elementor-row\">\n\t\t\t\t\t<div class=\"elementor-column elementor-col-50 elementor-inner-column elementor-element elementor-element-7dc2d6f\" data-id=\"7dc2d6f\" data-element_type=\"column\">\n\t\t\t<div class=\"elementor-column-wrap elementor-element-populated\">\n\t\t\t\t\t\t\t<div class=\"elementor-widget-wrap\">\n\t\t\t\t\t\t<div class=\"elementor-element elementor-element-01921fd elementor-widget elementor-widget-text-editor\" data-id=\"01921fd\" data-element_type=\"widget\" data-widget_type=\"text-editor.default\">\n\t\t\t\t<div class=\"elementor-widget-container\">\n\t\t\t\t\t\t\t\t<div class=\"elementor-text-editor elementor-clearfix\">\n\t\t\t\t<p>Pierre Cossa is a singer-songwriter from the Ivory Coast. A true revelation of the urban Afro-gospel, the artist aims to convey a message of joy and encouragement through a music that is meant to be dancing and universal. Raised by a singer and dancer mother, Pierre was immersed in the world of music from an early age. Former football player, his ankle injury forced him to turn to his second passion: music. Very quickly influenced by the lively life of his neighbourhood in the early 2000s, he spent his teenage years at the heart of a movement launched by the Abidjanais: Le coup\u00e9 d\u00e9cal\u00e9. From then on, he became a DJ and hosted events in his neighbourhood and nightclubs.<\/p>\t\t\t\t\t<\/div>\n\t\t\t\t\t\t<\/div>\n\t\t\t\t<\/div>\n\t\t\t\t<div class=\"elementor-element elementor-element-9b358d5 elementor-widget elementor-widget-text-editor\" data-id=\"9b358d5\" data-element_type=\"widget\" data-widget_type=\"text-editor.default\">\n\t\t\t\t<div class=\"elementor-widget-container\">\n\t\t\t\t\t\t\t\t<div class=\"elementor-text-editor elementor-clearfix\">\n\t\t\t\t<p>Along with his career as an artist, Pierre Cossa is a conference speaker and works in churches to address various topics related to Christian life. In 2020 he launched his 1 min  boost concept, a video<br \/>dedicated to encouraging people. At the same time, he hosts the TV show \u201cBehind the Scenes\u201d, broadcast live on Victoire Live TV social network in which he receives some personalities from the gospel universe.<\/p>\t\t\t\t\t<\/div>\n\t\t\t\t\t\t<\/div>\n\t\t\t\t<\/div>\n\t\t\t\t<div class=\"elementor-element elementor-element-56e4c5d elementor-widget elementor-widget-text-editor\" data-id=\"56e4c5d\" data-element_type=\"widget\" data-widget_type=\"text-editor.default\">\n\t\t\t\t<div class=\"elementor-widget-container\">\n\t\t\t\t\t\t\t\t<div class=\"elementor-text-editor elementor-clearfix\">\n\t\t\t\t<p>Following the death of his Muslim father, Pierre converted to Christianity and wrote his first church songs in the 2000s. In 2016, he released his first single \"Criez avec moi\",<br \/>first extract from his EP \u201cAlways in joy\u201d, released in 2018. In 2019, Pierre pays homage to all women through his title \u201cHommage \u00e0 la femme\u201d. That same year, he delivered his Maxi single \"Ta m\u00e9daille t'attend\", composed of two tracks through which he invited everyone to stand firm in their Faith and to stay focused on their goals. In mid-2020, the artist released a new single \u201cViens Louer Le Seigneur\u201d. He returns to us today in the spotlight, again with a Maxi single \u201cJamais reculer\u201d, composed of two tracks: \u201cJamais reculer\u201d and \u201cN'arr\u00eate jamais d'avancer\u201d.<\/p>\t\t\t\t\t<\/div>\n\t\t\t\t\t\t<\/div>\n\t\t\t\t<\/div>\n\t\t\t\t\t\t<\/div>\n\t\t\t\t\t<\/div>\n\t\t<\/div>\n\t\t\t\t<div class=\"elementor-column elementor-col-50 elementor-inner-column elementor-element elementor-element-18d4d3e\" data-id=\"18d4d3e\" data-element_type=\"column\">\n\t\t\t<div class=\"elementor-column-wrap elementor-element-populated\">\n\t\t\t\t\t\t\t<div class=\"elementor-widget-wrap\">\n\t\t\t\t\t\t<div class=\"elementor-element elementor-element-3cf81b3 elementor-invisible elementor-widget elementor-widget-image\" data-id=\"3cf81b3\" data-element_type=\"widget\" data-settings=\"{&quot;_animation&quot;:&quot;fadeInUp&quot;}\" data-widget_type=\"image.default\">\n\t\t\t\t<div class=\"elementor-widget-container\">\n\t\t\t\t\t\t\t\t<div class=\"elementor-image\">\n\t\t\t\t\t\t\t\t\t\t\t\t<img width=\"338\" height=\"794\" src=\"https:\/\/www.pierrecossa.com\/wp-content\/uploads\/2021\/03\/1-1.png\" class=\"attachment-full size-full\" alt=\"\" loading=\"lazy\" srcset=\"https:\/\/www.pierrecossa.com\/wp-content\/uploads\/2021\/03\/1-1.png 338w, https:\/\/www.pierrecossa.com\/wp-content\/uploads\/2021\/03\/1-1-128x300.png 128w, https:\/\/www.pierrecossa.com\/wp-content\/uploads\/2021\/03\/1-1-5x12.png 5w\" sizes=\"(max-width: 338px) 100vw, 338px\" \/>\t\t\t\t\t\t\t\t\t\t\t\t\t\t<\/div>\n\t\t\t\t\t\t<\/div>\n\t\t\t\t<\/div>\n\t\t\t\t\t\t<\/div>\n\t\t\t\t\t<\/div>\n\t\t<\/div>\n\t\t\t\t\t\t\t\t<\/div>\n\t\t\t\t\t<\/div>\n\t\t<\/section>\n\t\t\t\t\t\t<\/div>\n\t\t\t\t\t<\/div>\n\t\t<\/div>\n\t\t\t\t\t\t\t\t<\/div>\n\t\t\t\t\t<\/div>\n\t\t<\/section>\n\t\t\t\t<section class=\"elementor-section elementor-top-section elementor-element elementor-element-11be9a8e elementor-section-boxed elementor-section-height-default elementor-section-height-default\" data-id=\"11be9a8e\" data-element_type=\"section\" data-settings=\"{&quot;background_background&quot;:&quot;classic&quot;}\">\n\t\t\t\t\t\t\t<div class=\"elementor-background-overlay\"><\/div>\n\t\t\t\t\t\t\t<div class=\"elementor-container elementor-column-gap-default\">\n\t\t\t\t\t\t\t<div class=\"elementor-row\">\n\t\t\t\t\t<div class=\"elementor-column elementor-col-50 elementor-top-column elementor-element elementor-element-665fb317\" data-id=\"665fb317\" data-element_type=\"column\">\n\t\t\t<div class=\"elementor-column-wrap elementor-element-populated\">\n\t\t\t\t\t\t\t<div class=\"elementor-widget-wrap\">\n\t\t\t\t\t\t<div class=\"elementor-element elementor-element-7e16a1e1 elementor-widget elementor-widget-image\" data-id=\"7e16a1e1\" data-element_type=\"widget\" data-widget_type=\"image.default\">\n\t\t\t\t<div class=\"elementor-widget-container\">\n\t\t\t\t\t\t\t\t<div class=\"elementor-image\">\n\t\t\t\t\t\t\t\t\t\t\t\t<img width=\"2560\" height=\"2560\" src=\"https:\/\/www.pierrecossa.com\/wp-content\/uploads\/2026\/02\/1755731179161-scaled.jpg\" class=\"attachment-full size-full\" alt=\"\" loading=\"lazy\" srcset=\"https:\/\/www.pierrecossa.com\/wp-content\/uploads\/2026\/02\/1755731179161-scaled.jpg 2560w, https:\/\/www.pierrecossa.com\/wp-content\/uploads\/2026\/02\/1755731179161-300x300.jpg 300w, https:\/\/www.pierrecossa.com\/wp-content\/uploads\/2026\/02\/1755731179161-1024x1024.jpg 1024w, https:\/\/www.pierrecossa.com\/wp-content\/uploads\/2026\/02\/1755731179161-150x150.jpg 150w, https:\/\/www.pierrecossa.com\/wp-content\/uploads\/2026\/02\/1755731179161-768x768.jpg 768w, https:\/\/www.pierrecossa.com\/wp-content\/uploads\/2026\/02\/1755731179161-1536x1536.jpg 1536w, https:\/\/www.pierrecossa.com\/wp-content\/uploads\/2026\/02\/1755731179161-2048x2048.jpg 2048w, https:\/\/www.pierrecossa.com\/wp-content\/uploads\/2026\/02\/1755731179161-12x12.jpg 12w, https:\/\/www.pierrecossa.com\/wp-content\/uploads\/2026\/02\/1755731179161-600x600.jpg 600w, https:\/\/www.pierrecossa.com\/wp-content\/uploads\/2026\/02\/1755731179161-100x100.jpg 100w\" sizes=\"(max-width: 2560px) 100vw, 2560px\" \/>\t\t\t\t\t\t\t\t\t\t\t\t\t\t<\/div>\n\t\t\t\t\t\t<\/div>\n\t\t\t\t<\/div>\n\t\t\t\t\t\t<\/div>\n\t\t\t\t\t<\/div>\n\t\t<\/div>\n\t\t\t\t<div class=\"elementor-column elementor-col-50 elementor-top-column elementor-element elementor-element-7196fba3 elementor-hidden-phone\" data-id=\"7196fba3\" data-element_type=\"column\">\n\t\t\t<div class=\"elementor-column-wrap elementor-element-populated\">\n\t\t\t\t\t\t\t<div class=\"elementor-widget-wrap\">\n\t\t\t\t\t\t<div class=\"elementor-element elementor-element-6b1c3ee9 elementor-widget elementor-widget-heading\" data-id=\"6b1c3ee9\" data-element_type=\"widget\" data-widget_type=\"heading.default\">\n\t\t\t\t<div class=\"elementor-widget-container\">\n\t\t\t<h4 class=\"elementor-heading-title elementor-size-default\">NOUVEL ALBUM<br> \"Reconnaissance\"<\/h4>\t\t<\/div>\n\t\t\t\t<\/div>\n\t\t\t\t<div class=\"elementor-element elementor-element-62d2380d elementor-widget-divider--view-line elementor-widget elementor-widget-divider\" data-id=\"62d2380d\" data-element_type=\"widget\" data-widget_type=\"divider.default\">\n\t\t\t\t<div class=\"elementor-widget-container\">\n\t\t\t\t\t<div class=\"elementor-divider\">\n\t\t\t<span class=\"elementor-divider-separator\">\n\t\t\t\t\t\t<\/span>\n\t\t<\/div>\n\t\t\t\t<\/div>\n\t\t\t\t<\/div>\n\t\t\t\t<div class=\"elementor-element elementor-element-59536997 elementor-widget elementor-widget-text-editor\" data-id=\"59536997\" data-element_type=\"widget\" data-widget_type=\"text-editor.default\">\n\t\t\t\t<div class=\"elementor-widget-container\">\n\t\t\t\t\t\t\t\t<div class=\"elementor-text-editor elementor-clearfix\">\n\t\t\t\t<p>Sortie : Septembre\u00a0 2025<\/p><p>TDLJ Records<\/p>\t\t\t\t\t<\/div>\n\t\t\t\t\t\t<\/div>\n\t\t\t\t<\/div>\n\t\t\t\t<div class=\"elementor-element elementor-element-edda7eb elementor-widget elementor-widget-spacer\" data-id=\"edda7eb\" data-element_type=\"widget\" data-widget_type=\"spacer.default\">\n\t\t\t\t<div class=\"elementor-widget-container\">\n\t\t\t\t\t<div class=\"elementor-spacer\">\n\t\t\t<div class=\"elementor-spacer-inner\"><\/div>\n\t\t<\/div>\n\t\t\t\t<\/div>\n\t\t\t\t<\/div>\n\t\t\t\t\t\t<\/div>\n\t\t\t\t\t<\/div>\n\t\t<\/div>\n\t\t\t\t\t\t\t\t<\/div>\n\t\t\t\t\t<\/div>\n\t\t<\/section>\n\t\t\t\t\t\t\t\t\t<\/div>\n\t\t\t<\/div>\n\t\t\t\t\t<\/div>","protected":false},"excerpt":{"rendered":"<p>BIOGRAPHIE JE SUIS &#8220;PIERRE COSSA&#8221; L&#8217;AP\u00d4TRE DE LA JOIE Pierre Cossa est un auteur-compositeur-interp\u00e8te originaire de la C\u00f4te d&#8217;Ivoire. V\u00e9ritable r\u00e9v\u00e9lation de l&#8217;afro-gospel urbain, l&#8217;artiste a pour ambition de porter un message de joie et d&#8217;encouragement \u00e0 travers une musique qui se veut dansante et universelle. Elev\u00e9 par une m\u00e8re chanteuse et danseuse, Pierre baigne&hellip;&nbsp;<a href=\"https:\/\/www.pierrecossa.com\/en\/biographie\/\" class=\"\" rel=\"bookmark\">Read More &raquo;<span class=\"screen-reader-text\">ABOUT ME<\/span><\/a><\/p>","protected":false},"author":4,"featured_media":0,"parent":0,"menu_order":0,"comment_status":"closed","ping_status":"closed","template":"page-templates\/template-pagebuilder-full-width.php","meta":{"_mi_skip_tracking":false,"neve_meta_sidebar":"","neve_meta_container":"","neve_meta_enable_content_width":"","neve_meta_content_width":0,"neve_meta_title_alignment":"","neve_meta_author_avatar":"","neve_post_elements_order":"","neve_meta_disable_header":"","neve_meta_disable_footer":"","neve_meta_disable_title":""},"_links":{"self":[{"href":"https:\/\/www.pierrecossa.com\/en\/wp-json\/wp\/v2\/pages\/4688"}],"collection":[{"href":"https:\/\/www.pierrecossa.com\/en\/wp-json\/wp\/v2\/pages"}],"about":[{"href":"https:\/\/www.pierrecossa.com\/en\/wp-json\/wp\/v2\/types\/page"}],"author":[{"embeddable":true,"href":"https:\/\/www.pierrecossa.com\/en\/wp-json\/wp\/v2\/users\/4"}],"replies":[{"embeddable":true,"href":"https:\/\/www.pierrecossa.com\/en\/wp-json\/wp\/v2\/comments?post=4688"}],"version-history":[{"count":34,"href":"https:\/\/www.pierrecossa.com\/en\/wp-json\/wp\/v2\/pages\/4688\/revisions"}],"predecessor-version":[{"id":5717,"href":"https:\/\/www.pierrecossa.com\/en\/wp-json\/wp\/v2\/pages\/4688\/revisions\/5717"}],"wp:attachment":[{"href":"https:\/\/www.pierrecossa.com\/en\/wp-json\/wp\/v2\/media?parent=4688"}],"curies":[{"name":"wp","href":"https:\/\/api.w.org\/{rel}","templated":true}]}}