{"id":5331,"date":"2021-04-13T00:31:27","date_gmt":"2021-04-13T00:31:27","guid":{"rendered":"https:\/\/www.pierrecossa.com\/produit\/mug-blanc-brillant-miracle-est-mon-nom-2\/"},"modified":"2021-04-13T01:10:39","modified_gmt":"2021-04-13T01:10:39","slug":"mug-blanc-brillant-miracle-est-mon-nom-2","status":"publish","type":"product","link":"https:\/\/www.pierrecossa.com\/en\/product\/mug-blanc-brillant-miracle-est-mon-nom-2\/","title":{"rendered":"Glossy White mug Miracle est mon nom"},"content":{"rendered":"<p>Que vous buviez votre caf\u00e9 du matin, votre th\u00e9 du soir ou autre chose entre temps, cette tasse est faite pour vous ! Elle est robuste et brillante avec un imprim\u00e9 \u00e9clatant qui r\u00e9siste au micro-ondes et au lave-vaisselle.<\/p>\n<p>\u2022 En c\u00e9ramique<br \/>\n\u2022 Passe au lave-vaisselle et au micro-ondes<br \/>\n\u2022 Blanc et brillant<\/p>","protected":false},"excerpt":{"rendered":"<p>Que vous buviez votre caf\u00e9 du matin, votre th\u00e9 du soir ou autre chose entre temps, cette tasse est faite pour vous ! Elle est robuste et brillante avec un imprim\u00e9 \u00e9clatant qui r\u00e9siste au micro-ondes et au lave-vaisselle. \u2022 En c\u00e9ramique \u2022 Passe au lave-vaisselle et au micro-ondes \u2022 Blanc et brillant<\/p>","protected":false},"featured_media":5332,"template":"","meta":{"_mi_skip_tracking":false,"neve_meta_sidebar":"","neve_meta_container":"","neve_meta_enable_content_width":"","neve_meta_content_width":0,"neve_meta_title_alignment":"","neve_meta_author_avatar":"","neve_post_elements_order":"","neve_meta_disable_header":"","neve_meta_disable_footer":"","neve_meta_disable_title":""},"product_cat":[24],"product_tag":[],"_links":{"self":[{"href":"https:\/\/www.pierrecossa.com\/en\/wp-json\/wp\/v2\/product\/5331"}],"collection":[{"href":"https:\/\/www.pierrecossa.com\/en\/wp-json\/wp\/v2\/product"}],"about":[{"href":"https:\/\/www.pierrecossa.com\/en\/wp-json\/wp\/v2\/types\/product"}],"version-history":[{"count":1,"href":"https:\/\/www.pierrecossa.com\/en\/wp-json\/wp\/v2\/product\/5331\/revisions"}],"predecessor-version":[{"id":5335,"href":"https:\/\/www.pierrecossa.com\/en\/wp-json\/wp\/v2\/product\/5331\/revisions\/5335"}],"wp:featuredmedia":[{"embeddable":true,"href":"https:\/\/www.pierrecossa.com\/en\/wp-json\/wp\/v2\/media\/5332"}],"wp:attachment":[{"href":"https:\/\/www.pierrecossa.com\/en\/wp-json\/wp\/v2\/media?parent=5331"}],"wp:term":[{"taxonomy":"product_cat","embeddable":true,"href":"https:\/\/www.pierrecossa.com\/en\/wp-json\/wp\/v2\/product_cat?post=5331"},{"taxonomy":"product_tag","embeddable":true,"href":"https:\/\/www.pierrecossa.com\/en\/wp-json\/wp\/v2\/product_tag?post=5331"}],"curies":[{"name":"wp","href":"https:\/\/api.w.org\/{rel}","templated":true}]}}