{"id":5350,"date":"2021-04-13T00:39:06","date_gmt":"2021-04-13T00:39:06","guid":{"rendered":"https:\/\/www.pierrecossa.com\/produit\/t-shirt-a-manches-courtes-jesus-number-one-2\/"},"modified":"2021-04-13T01:10:36","modified_gmt":"2021-04-13T01:10:36","slug":"t-shirt-a-manches-courtes-jesus-number-one-2","status":"publish","type":"product","link":"https:\/\/www.pierrecossa.com\/en\/product\/t-shirt-a-manches-courtes-jesus-number-one-2\/","title":{"rendered":"Short sleeves Jesus Number One"},"content":{"rendered":"<p>Ce T-shirt est confortable, doux, l\u00e9ger et cintr\u00e9. C&#8217;est un basique id\u00e9al pour toute garde-robe !<\/p>\n<p>\u2022 100\u00a0% coton peign\u00e9 et fil\u00e9 \u00e0 l&#8217;anneau<br \/>\n\u2022 Les coloris Heather Grey contiennent 90 % de coton et 10 % polyester<br \/>\n\u2022 Poids du tissu\u00a0: 146 g\/m\u00b2 (4,3 oz\/y\u00b2)<br \/>\n\u2022 32 fils<br \/>\n\u2022 Pr\u00e9-r\u00e9tr\u00e9ci<br \/>\n\u2022 Produit vierge provenant du Honduras, du Nicaragua, du Mexique ou du Cambodge<\/p>","protected":false},"excerpt":{"rendered":"<p>Ce T-shirt est confortable, doux, l\u00e9ger et cintr\u00e9. C&#8217;est un basique id\u00e9al pour toute garde-robe ! \u2022 100\u00a0% coton peign\u00e9 et fil\u00e9 \u00e0 l&#8217;anneau \u2022 Les coloris Heather Grey contiennent 90 % de coton et 10 % polyester \u2022 Poids du tissu\u00a0: 146 g\/m\u00b2 (4,3 oz\/y\u00b2) \u2022 32 fils \u2022 Pr\u00e9-r\u00e9tr\u00e9ci \u2022 Produit vierge provenant&hellip;&nbsp;<a href=\"https:\/\/www.pierrecossa.com\/en\/product\/t-shirt-a-manches-courtes-jesus-number-one-2\/\" class=\"\" rel=\"bookmark\">Read More &raquo;<span class=\"screen-reader-text\">Short sleeves Jesus Number One<\/span><\/a><\/p>","protected":false},"featured_media":5358,"template":"","meta":{"_mi_skip_tracking":false,"neve_meta_sidebar":"","neve_meta_container":"","neve_meta_enable_content_width":"","neve_meta_content_width":0,"neve_meta_title_alignment":"","neve_meta_author_avatar":"","neve_post_elements_order":"","neve_meta_disable_header":"","neve_meta_disable_footer":"","neve_meta_disable_title":""},"product_cat":[78],"product_tag":[],"_links":{"self":[{"href":"https:\/\/www.pierrecossa.com\/en\/wp-json\/wp\/v2\/product\/5350"}],"collection":[{"href":"https:\/\/www.pierrecossa.com\/en\/wp-json\/wp\/v2\/product"}],"about":[{"href":"https:\/\/www.pierrecossa.com\/en\/wp-json\/wp\/v2\/types\/product"}],"version-history":[{"count":1,"href":"https:\/\/www.pierrecossa.com\/en\/wp-json\/wp\/v2\/product\/5350\/revisions"}],"predecessor-version":[{"id":5359,"href":"https:\/\/www.pierrecossa.com\/en\/wp-json\/wp\/v2\/product\/5350\/revisions\/5359"}],"wp:featuredmedia":[{"embeddable":true,"href":"https:\/\/www.pierrecossa.com\/en\/wp-json\/wp\/v2\/media\/5358"}],"wp:attachment":[{"href":"https:\/\/www.pierrecossa.com\/en\/wp-json\/wp\/v2\/media?parent=5350"}],"wp:term":[{"taxonomy":"product_cat","embeddable":true,"href":"https:\/\/www.pierrecossa.com\/en\/wp-json\/wp\/v2\/product_cat?post=5350"},{"taxonomy":"product_tag","embeddable":true,"href":"https:\/\/www.pierrecossa.com\/en\/wp-json\/wp\/v2\/product_tag?post=5350"}],"curies":[{"name":"wp","href":"https:\/\/api.w.org\/{rel}","templated":true}]}}