{"id":5412,"date":"2021-04-13T00:45:38","date_gmt":"2021-04-13T00:45:38","guid":{"rendered":"https:\/\/www.pierrecossa.com\/produit\/casquette-structuree-en-serge-god-is-good\/"},"modified":"2021-04-13T01:09:46","modified_gmt":"2021-04-13T01:09:46","slug":"casquette-structuree-en-serge-god-is-good","status":"publish","type":"product","link":"https:\/\/www.pierrecossa.com\/en\/product\/casquette-structuree-en-serge-god-is-good\/","title":{"rendered":"Structured Twill Cap God is Good"},"content":{"rendered":"<p>Disponible en deux tailles, avec une bande \u00e9lastique, cette casquette est une valeur s\u00fbre en mati\u00e8re de confort ! Elle a une forme athl\u00e9tique, avec une visi\u00e8re incurv\u00e9e.<\/p>\n<p>\u2022 Serg\u00e9 63\u00a0% polyester \/ 34\u00a0% coton \/3 % \u00e9lasthanne<br \/>\n\u2022 Structur\u00e9e, 6 panneaux, profil interm\u00e9diaire<br \/>\n\u2022 Bande \u00e9lastique<br \/>\n\u2022 Sous-visi\u00e8re argent<br \/>\n\u2022 Tour de t\u00eate\u00a0: 22 &#8221; &#8211; 23 \u215e &#8220;<\/p>","protected":false},"excerpt":{"rendered":"<p>Disponible en deux tailles, avec une bande \u00e9lastique, cette casquette est une valeur s\u00fbre en mati\u00e8re de confort ! Elle a une forme athl\u00e9tique, avec une visi\u00e8re incurv\u00e9e. \u2022 Serg\u00e9 63\u00a0% polyester \/ 34\u00a0% coton \/3 % \u00e9lasthanne \u2022 Structur\u00e9e, 6 panneaux, profil interm\u00e9diaire \u2022 Bande \u00e9lastique \u2022 Sous-visi\u00e8re argent \u2022 Tour de t\u00eate\u00a0: 22&hellip;&nbsp;<a href=\"https:\/\/www.pierrecossa.com\/en\/product\/casquette-structuree-en-serge-god-is-good\/\" class=\"\" rel=\"bookmark\">Read More &raquo;<span class=\"screen-reader-text\">Structured Twill Cap God is Good<\/span><\/a><\/p>","protected":false},"featured_media":5419,"template":"","meta":{"_mi_skip_tracking":false,"neve_meta_sidebar":"","neve_meta_container":"","neve_meta_enable_content_width":"off","neve_meta_content_width":0,"neve_meta_title_alignment":"","neve_meta_author_avatar":"","neve_post_elements_order":"","neve_meta_disable_header":"","neve_meta_disable_footer":"","neve_meta_disable_title":""},"product_cat":[23],"product_tag":[],"_links":{"self":[{"href":"https:\/\/www.pierrecossa.com\/en\/wp-json\/wp\/v2\/product\/5412"}],"collection":[{"href":"https:\/\/www.pierrecossa.com\/en\/wp-json\/wp\/v2\/product"}],"about":[{"href":"https:\/\/www.pierrecossa.com\/en\/wp-json\/wp\/v2\/types\/product"}],"version-history":[{"count":2,"href":"https:\/\/www.pierrecossa.com\/en\/wp-json\/wp\/v2\/product\/5412\/revisions"}],"predecessor-version":[{"id":5423,"href":"https:\/\/www.pierrecossa.com\/en\/wp-json\/wp\/v2\/product\/5412\/revisions\/5423"}],"wp:featuredmedia":[{"embeddable":true,"href":"https:\/\/www.pierrecossa.com\/en\/wp-json\/wp\/v2\/media\/5419"}],"wp:attachment":[{"href":"https:\/\/www.pierrecossa.com\/en\/wp-json\/wp\/v2\/media?parent=5412"}],"wp:term":[{"taxonomy":"product_cat","embeddable":true,"href":"https:\/\/www.pierrecossa.com\/en\/wp-json\/wp\/v2\/product_cat?post=5412"},{"taxonomy":"product_tag","embeddable":true,"href":"https:\/\/www.pierrecossa.com\/en\/wp-json\/wp\/v2\/product_tag?post=5412"}],"curies":[{"name":"wp","href":"https:\/\/api.w.org\/{rel}","templated":true}]}}